{"id":22856,"date":"2023-07-25T06:31:25","date_gmt":"2023-07-25T04:31:25","guid":{"rendered":"https:\/\/www.vezzdesign.it\/cookie-policy\/"},"modified":"2025-07-07T10:47:16","modified_gmt":"2025-07-07T08:47:16","slug":"cookie-policy","status":"publish","type":"page","link":"https:\/\/www.vezzdesign.it\/en\/cookie-policy\/","title":{"rendered":"Cookie Policy"},"content":{"rendered":"\t\t<div data-elementor-type=\"wp-page\" data-elementor-id=\"22856\" class=\"elementor elementor-22856 elementor-5490\" data-elementor-settings=\"{&quot;asli_hide_title_disabled&quot;:&quot;yes&quot;}\" data-elementor-post-type=\"page\">\n\t\t\t\t<div class=\"elementor-element elementor-element-698cbb3 e-con-full e-flex px-gutters-horizontal mt-header-height e-con e-parent\" data-id=\"698cbb3\" data-element_type=\"container\" data-e-type=\"container\" data-settings=\"{&quot;background_background&quot;:&quot;classic&quot;}\">\n\t\t\t\t<\/div>\n\t\t<div class=\"elementor-element elementor-element-fe5305b e-flex e-con-boxed pt-small pb-small px-gutters-horizontal e-con e-parent\" data-id=\"fe5305b\" data-element_type=\"container\" data-e-type=\"container\" data-settings=\"{&quot;background_background&quot;:&quot;classic&quot;}\">\n\t\t\t\t\t<div class=\"e-con-inner\">\n\t\t\t\t<div class=\"elementor-element elementor-element-b602e26 elementor-widget elementor-widget-text-editor\" data-id=\"b602e26\" data-element_type=\"widget\" data-e-type=\"widget\" data-widget_type=\"text-editor.default\">\n\t\t\t\t<div class=\"elementor-widget-container\">\n\t\t\t\t\t\t\t\t\t<p>This policy provides users of this website (hereinafter &#8220;<strong>Website<\/strong>&#8220;) with the information required by art. 13 of Reg. (EU) n. 2016\/679 (hereinafter &#8220;<strong>GDPR<\/strong>&#8220;), accordingly with art. 122 of Legislative Decree 196\/2003 (hereinafter &#8220;<strong>Privacy Code<\/strong>&#8220;) and Decision of Italian supervisory authority of 8 May 2014, &#8220;<em>Simplified Arrangements to provide Information and obtain Consent Regarding Cookies<\/em>&#8220;, as supplemented by \u201c<em>Guidelines on the use<\/em><em> of cookies and other tracking tools<\/em>\u201d of 10 June 2021 (hereinafter &#8220;<strong>Decision<\/strong>&#8220;)<\/p><p>1. <strong>Identity and contact details of the data controller<\/strong><\/p><p class=\"p1\">The data controller <b>VezzDesign S.r.l.<\/b>, VAT 01330530195, with registered office in Via Gattamelata n. 41, 20149 &#8211; Milano (hereinafter \u201cData Controller\u201d).<\/p><p>The Data Controller can be contacted at the e-mail address <a href=\"mailto:info@vezzdesign.it\">info@vezzdesign.it<\/a>.<\/p><p><strong>2. What are cookies?<\/strong><\/p><p>Cookies are small text files sent to the user\u2019s terminal equipment (usually to the user\u2019s browser) by the websites the user visits; they are stored in the user\u00b4s terminal equipment to be then re-transmitted to the websites on the user\u2019s subsequent visits.<\/p><p>In general, there are three different ways to classify cookies: their provenance, how long they endure, what purpose they serve.<\/p><p><strong>First party and third party cookies<\/strong><\/p><p>Unlike first-party cookies, which are put on your device directly by the website you are visiting, third-party cookies are placed on your device by a third party (like an advertiser or an analytic system).<\/p><p><strong>Technical, analytical and profiling cookies<\/strong><\/p><p>Depending on the purpose, cookies can be divided into technical cookies and profiling cookies.<\/p><p><strong>Technical cookies<\/strong> are stored for the sole purpose of &#8220;<em>carrying out the transmission of a communication over an electronic communication network or as strictly necessary for the supplier of an information society service explicitly requested by subscriber or user to provide the service<\/em>&#8221; (see Art. 122, paragraph 1 of Privacy Code).<\/p><p>They are essential for you to browse the websites and use its features, such as accessing secure areas of sites (so-called \u201c<em>essential<\/em>\u201d or \u201c<em>strictly necessary<\/em>\u201d). They allow a user to navigate back and forth between pages without losing their previous actions from the same session. Cookies that allow web shops to hold your items in your cart while you are shopping online are an example of strictly necessary cookies. These cookies will generally be first-party session cookies.<\/p><p>This category includes also \u201c<em>references cookies<\/em>\u201d (also known as \u201c<em>functionality cookies<\/em>\u201d), which allow a website to remember choices you have made in the past, like what language you prefer, what region you would like weather reports for, or what your username and password are so that you can automatically log in.<\/p><p>Pursuant to the art. 122 of the Privacy Code, technical cookies do not require consent, but it should be explained to the user what they do and why they are necessary or useful.<\/p><p>There are also \u201c<em>analytical<\/em><strong>\u201d<\/strong> cookies aimed at collecting aggregated information about quantity of users and how they browse the website (which pages they visited and which links they clicked on) in order to improve website functions.<\/p><p>Pursuant to the Decision, analytical cookies are equivalent to technical cookies (and, therefore, users\u2019 consent is not required) if \u2013 and therefore for their usage users consent shall be collected \u2013 the requirements therein specified are met.<\/p><p><strong>\u00a0Profiling cookies<\/strong> or similar tools (e.g. pixels, fingerprints, etc.) are used to track on line activity and behaviour for marketing purposes. They allow advertisers to create profiles of users\u2019 preferences, habits, choices, etc. in order to deliver them targeted advertising.<\/p><p>These kinds of cookies, pursuant to art. 122 of the Privacy Code can be stored on the users\u2019 device only after they have given their consent, after being informed in the simplified manner indicated in the Decision: publication on the site of a &#8220;short&#8221; notice contained in a banner that appears immediately on the home page or other page through which the user can access the site), which refers to an &#8220;extended&#8221; notice, which is accessed through a clickable link by the user.<\/p><p>Uses must be able to access the websites even if they refuse to allow the use of profiling cookies.<\/p><p><strong>Permanent and session cookies<\/strong><\/p><p>Session cookies are temporary and expire once you close your browser (or once your session ends).<\/p><p>Persistent cookies remain on your hard drive until you erase them or your browser does, depending on the cookie\u2019s expiration date. All persistent cookies have an expiration date written into their code, but their duration can vary.<\/p><p>In any case, cookies can only be read or modified by the website that generated them; they cannot be used to retrieve any data from the user&#8217;s terminal and cannot transmit computer viruses. Some of the functions of cookies can also be performed by other technologies; therefore, in the context of this policy, the term &#8220;cookies&#8221; is intended to refer only to cookies and all similar technologies.<\/p><p><strong>\u00a0<\/strong><\/p><p><strong>List of cookies used by the Site<\/strong><\/p><p><strong>Technical cookies<\/strong><\/p><p>The Site uses technical cookies installed for the purposes indicated below, for which the prior consent of the users is not required pursuant to art. 122 of the Privacy Code.<\/p>\t\t\t\t\t\t\t\t<\/div>\n\t\t\t\t<\/div>\n\t\t\t\t<div class=\"elementor-element elementor-element-a0afe8f elementor-widget elementor-widget-text-editor\" data-id=\"a0afe8f\" data-element_type=\"widget\" data-e-type=\"widget\" data-widget_type=\"text-editor.default\">\n\t\t\t\t<div class=\"elementor-widget-container\">\n\t\t\t\t\t\t\t\t\t<p><span style=\"text-decoration: underline;\"><strong>Cookie di profilazione<\/strong><\/span><br \/>Sul Sito sono installati cookie di profilazione, volti a veicolare verso l\u2019utente messaggi pubblicitari del Titolare o di terzi. <br \/>Tali cookie sono installati previo consenso degli utenti.<br \/>Di seguito \u00e8 riportato il nome dello strumento, la terza parte a cui si riferisce, la finalit\u00e0 di utilizzo e la durata dello stesso, nonch\u00e9 il link all\u2019informativa privacy di tale terza parte.<\/p>\n\t\t\t\t\t\t\t\t<\/div>\n\t\t\t\t<\/div>\n\t\t\t\t<div class=\"elementor-element elementor-element-e6c00fb elementor-widget elementor-widget-text-editor\" data-id=\"e6c00fb\" data-element_type=\"widget\" data-e-type=\"widget\" data-widget_type=\"text-editor.default\">\n\t\t\t\t<div class=\"elementor-widget-container\">\n\t\t\t\t\t\t\t\t\t<table><thead><tr><th>NAME<\/th><th><strong>FIRST \/ THIRD PARTY<\/strong><\/th><th>DESCRIZIONE (FINALIT\u00c0)<\/th><th>DURATA<\/th><\/tr><\/thead><tbody><tr><td>1.gif<\/td><td rowspan=\"4\">First party<\/td><td>Used to count the number of sessions to the website, necessary for optimizing CMP product delivery.\u00a0<\/td><td>Session<\/td><\/tr><tr><td>CookieConsent<\/td><td>Stores the user&#8217;s cookie consent state for the current domain<\/td><td>1 year<\/td><\/tr><tr><td>elementor<\/td><td>Used in context with the website&#8217;s WordPress theme. The cookie allows the website owner to implement or change the website&#8217;s content in real-time.<\/td><td>Persistent<\/td><\/tr><tr><td>wpEmojiSettingsSupports<\/td><td>This cookie is part of a bundle of cookies which serve the purpose of content delivery and presentation. The cookies keep the correct state of font, blog\/picture sliders, color themes and other website settings.<\/td><td>Session<\/td><\/tr><\/tbody><\/table>\t\t\t\t\t\t\t\t<\/div>\n\t\t\t\t<\/div>\n\t\t\t\t<div class=\"elementor-element elementor-element-2c934ae elementor-widget elementor-widget-text-editor\" data-id=\"2c934ae\" data-element_type=\"widget\" data-e-type=\"widget\" data-widget_type=\"text-editor.default\">\n\t\t\t\t<div class=\"elementor-widget-container\">\n\t\t\t\t\t\t\t\t\t<p><strong>Analytical \/ profiling cookies<\/strong><\/p><p>The Site uses analytical cookies created and made available by third parties to statistically analyze accesses or visits to the Site itself, to allow the Data Controller to improve the structure, navigation logic and content and to collect information on the use of the Site.<\/p><p>For more details and information users can visit the following link: <a href=\"https:\/\/support.google.com\/analytics\/answer\/1011397%20\">https:\/\/support.google.com\/analytics\/answer\/1011397<\/a><\/p><p>These cookies are installed if the user give her\/his consent.<\/p><p>Below, for each analytical cookie used, the name, the first or third party to which it refers, the purpose of use and duration are reported.<\/p>\t\t\t\t\t\t\t\t<\/div>\n\t\t\t\t<\/div>\n\t\t\t\t<div class=\"elementor-element elementor-element-d79cddc elementor-widget elementor-widget-text-editor\" data-id=\"d79cddc\" data-element_type=\"widget\" data-e-type=\"widget\" data-widget_type=\"text-editor.default\">\n\t\t\t\t<div class=\"elementor-widget-container\">\n\t\t\t\t\t\t\t\t\t&nbsp;\n<table>\n<thead>\n<tr>\n<th>NAME<\/th>\n<th>FIRST \/ THIRD PARTY<\/th>\n<th>DESCRIPTION (PURPOSE)<\/th>\n<th>DURATION<\/th>\n<\/tr>\n<\/thead>\n<tbody>\n<tr>\n<td style=\"width: 100px;\">_ga<\/td>\n<td rowspan=\"2\">Google<\/td>\n<td rowspan=\"2\">Used to send data to Google Analytics about the visitor&#8217;s device and behavior. Tracks the visitor across devices and marketing channels.<\/td>\n<td rowspan=\"2\">2 years<\/td>\n<\/tr>\n<tr>\n<td>_ga_#<\/td>\n<\/tr>\n<\/tbody>\n<\/table>\t\t\t\t\t\t\t\t<\/div>\n\t\t\t\t<\/div>\n\t\t\t\t<div class=\"elementor-element elementor-element-e3dccc9 elementor-widget elementor-widget-text-editor\" data-id=\"e3dccc9\" data-element_type=\"widget\" data-e-type=\"widget\" data-widget_type=\"text-editor.default\">\n\t\t\t\t<div class=\"elementor-widget-container\">\n\t\t\t\t\t\t\t\t\t<p><strong>3. Recipients <\/strong><\/p><p>The processing of data related to the web services of the Site is carried out by personnel expressly authorized to do so and who have received adequate operational instructions, as well as by a technical provider in charge of creating and managing the Site, duly designated pursuant to art. 28 of the GDPR.<\/p><p>The data are processed also by the third parties pointed out above, that they process them for the indicated purpose as independent controller.<\/p><p>The Data Controller transfers data outside the European Union (EU) or the European Economic Area (EEA) and in particular in the United States, where It provider and the third parties above mentioned are established, country that have been deemed adequate by virtue of the European Commission decision of 10 July 2024 \u2013 EU-US Data Privacy Framework. Where data will be transferred to third countries not benefitting of an adequacy decision, the &#8220;transfer tools&#8221; referred to in Article 46 of the GDPR (specifically, SCCs) will be used, evaluating the possible provision of &#8220;supplementarymeasures&#8221; to ensure a level of protection substantially equivalent.<\/p><p>For more information, see the links to the privacy policy of the third party indicated above.<\/p><p><strong>4. Procedures for granting and withdrawing consent <\/strong><\/p><p>The profiling and analytical cookies will be installed on users devices only after their consent, expressed by selecting the &#8220;Accept&#8221; button (or similar acceptance button) in the banner containing the short information notice. Consent to the use of cookies is recorded with a special &#8220;technical cookie&#8221;. If user clicks on the &#8220;Deny&#8221; button (or similar refusal button), such cookies will be not installed.<\/p><p>Users can always change their choice and, in particular, revoke the consent previously given, by clicking on &#8220;Cookie settings&#8221; at the bottom of each page of the Portal.<\/p><p>Users may, however, express their options on cookies also through the settings of the browser used. Even if the web browser used by the user is set to automatically accept cookies, the user can modify the default configuration through the settings menu, deleting and\/or removing all or some cookies, blocking the sending of cookies or limiting it to certain sites. Disabling, blocking cookies or deleting them may compromise the optimal use of certain areas of the Portal or prevent certain features of the same, as well as affect the operation of third party services. \u00a0Below are the links to the guides to cookie management for the main browsers:<\/p><ul><li><a href=\"https:\/\/support.microsoft.com\/en-us\/windows\/delete-and-manage-cookies-168dab11-0753-043d-7c16-ede5947fc64d\">Microsoft Internet Explorer<\/a><\/li><li><a href=\"https:\/\/support.microsoft.com\/en-gb\/microsoft-edge\/delete-cookies-in-microsoft-edge-63947406-40ac-c3b8-57b9-2a946a29ae09\">Microsoft Edge<\/a><\/li><li><a href=\"https:\/\/support.google.com\/chrome\/answer\/95647?hl=it&amp;p=cpn_cookies%20https:\/\/support.google.com\/accounts\/answer\/61416?hl=it%20%20Google%20Chrome%20per%20Mobile:%20Accedere%20tramite%20link%20https:\/\/support.google.com\/chrome\/answer\/2392971?hl=it\">Google Chrome<\/a><\/li><li><a href=\"https:\/\/support.mozilla.org\/it\/kb\/protezione-antitracciamento-avanzata-firefox-desktop?redirectslug=Attivare+e+disattivare+i+cookie&amp;redirectlocale=it\">Mozilla Firefox<\/a><\/li><li><a href=\"https:\/\/support.apple.com\/it-it\/HT201265\">Safari<\/a><\/li><li><a href=\"https:\/\/help.opera.com\/en\/latest\/web-preferences\/#cookies\">Opera<\/a><\/li><\/ul><p>For browsers other than those listed above, it is necessary to consult the relevant guide to identify how to manage cookies.<\/p><p><strong>5. Data subjects\u2019 rights <\/strong><\/p><p>Data subjects may exercise their rights under the GDPR by sending an e-mail to the Data Controller to the address indicated in par. 1 above. In particular, in addition to what is pointed out in the previous paragraph, they have the right:<\/p><ul><li>to obtain the confirmation as to whether or not personal data concerning them are being processed, and, where that is the case, access the data concerning them in accordance with Article 15 GDPR,<\/li><li>to obtain the rectification of inaccurate data,<\/li><li>to have incomplete data completed,<\/li><li>to obtain the erasure of data in the cases provided for by Article 17 GDPR (\u201cright to be forgotten\u201d),<\/li><li>to obtain restriction of processing in the cases provided for by Article 18 GDPR,<\/li><li>to object, at any time, on grounds relating to their own particular situation, to the processing carried out in the legitimate interest of the Controller,<\/li><li>where the processing is based on consent or contract and is carried out by automated means, to receive the data in a structured, commonly used and machine-readable format and to transmit those data to another controller without hindrance from the controller to which the personal data have been provided (\u201cright to data portability\u201d);<\/li><li>to lodge a complaint with the competent supervisory authority in the Member State of their habitual residence, place of work or place of the alleged infringement.<\/li><\/ul>\t\t\t\t\t\t\t\t<\/div>\n\t\t\t\t<\/div>\n\t\t\t\t\t<\/div>\n\t\t\t\t<\/div>\n\t\t\t\t<\/div>\n\t\t","protected":false},"excerpt":{"rendered":"<p>This policy provides users of this website (hereinafter &#8220;Website&#8220;) with the information required by art. 13 of Reg. (EU) n. 2016\/679 (hereinafter &#8220;GDPR&#8220;), accordingly with art. 122 of Legislative Decree 196\/2003 (hereinafter &#8220;Privacy Code&#8220;) and Decision of Italian supervisory authority of 8 May 2014, &#8220;Simplified Arrangements to provide Information and obtain Consent Regarding Cookies&#8220;, as [&hellip;]<\/p>\n","protected":false},"author":1,"featured_media":0,"parent":0,"menu_order":0,"comment_status":"closed","ping_status":"closed","template":"","meta":{"_acf_changed":false,"footnotes":""},"class_list":["post-22856","page","type-page","status-publish","hentry"],"acf":[],"yoast_head":"<!-- This site is optimized with the Yoast SEO plugin v27.2 - https:\/\/yoast.com\/product\/yoast-seo-wordpress\/ -->\n<title>Cookie Policy - Vezzoni<\/title>\n<meta name=\"robots\" content=\"index, follow, max-snippet:-1, max-image-preview:large, max-video-preview:-1\" \/>\n<link rel=\"canonical\" href=\"https:\/\/www.vezzdesign.it\/terms\/\" \/>\n<meta property=\"og:locale\" content=\"en_US\" \/>\n<meta property=\"og:type\" content=\"article\" \/>\n<meta property=\"og:title\" content=\"Cookie Policy - Vezzoni\" \/>\n<meta property=\"og:description\" content=\"This policy provides users of this website (hereinafter &#8220;Website&#8220;) with the information required by art. 13 of Reg. (EU) n. 2016\/679 (hereinafter &#8220;GDPR&#8220;), accordingly with art. 122 of Legislative Decree 196\/2003 (hereinafter &#8220;Privacy Code&#8220;) and Decision of Italian supervisory authority of 8 May 2014, &#8220;Simplified Arrangements to provide Information and obtain Consent Regarding Cookies&#8220;, as [&hellip;]\" \/>\n<meta property=\"og:url\" content=\"https:\/\/www.vezzdesign.it\/terms\/\" \/>\n<meta property=\"og:site_name\" content=\"Vezzoni\" \/>\n<meta property=\"article:modified_time\" content=\"2025-07-07T08:47:16+00:00\" \/>\n<meta name=\"twitter:card\" content=\"summary_large_image\" \/>\n<meta name=\"twitter:label1\" content=\"Est. reading time\" \/>\n\t<meta name=\"twitter:data1\" content=\"9 minutes\" \/>\n<script type=\"application\/ld+json\" class=\"yoast-schema-graph\">{\"@context\":\"https:\/\/schema.org\",\"@graph\":[{\"@type\":\"WebPage\",\"@id\":\"https:\/\/www.vezzdesign.it\/terms\/\",\"url\":\"https:\/\/www.vezzdesign.it\/terms\/\",\"name\":\"Cookie Policy - Vezzoni\",\"isPartOf\":{\"@id\":\"https:\/\/www.vezzdesign.it\/#website\"},\"datePublished\":\"2023-07-25T04:31:25+00:00\",\"dateModified\":\"2025-07-07T08:47:16+00:00\",\"breadcrumb\":{\"@id\":\"https:\/\/www.vezzdesign.it\/terms\/#breadcrumb\"},\"inLanguage\":\"en-US\",\"potentialAction\":[{\"@type\":\"ReadAction\",\"target\":[\"https:\/\/www.vezzdesign.it\/terms\/\"]}]},{\"@type\":\"BreadcrumbList\",\"@id\":\"https:\/\/www.vezzdesign.it\/terms\/#breadcrumb\",\"itemListElement\":[{\"@type\":\"ListItem\",\"position\":1,\"name\":\"Home\",\"item\":\"https:\/\/www.vezzdesign.it\/en\/home\/\"},{\"@type\":\"ListItem\",\"position\":2,\"name\":\"Cookie Policy\"}]},{\"@type\":\"WebSite\",\"@id\":\"https:\/\/www.vezzdesign.it\/#website\",\"url\":\"https:\/\/www.vezzdesign.it\/\",\"name\":\"Vezzoni\",\"description\":\"Italian Steel Furniture\",\"publisher\":{\"@id\":\"https:\/\/www.vezzdesign.it\/#organization\"},\"potentialAction\":[{\"@type\":\"SearchAction\",\"target\":{\"@type\":\"EntryPoint\",\"urlTemplate\":\"https:\/\/www.vezzdesign.it\/?s={search_term_string}\"},\"query-input\":{\"@type\":\"PropertyValueSpecification\",\"valueRequired\":true,\"valueName\":\"search_term_string\"}}],\"inLanguage\":\"en-US\"},{\"@type\":\"Organization\",\"@id\":\"https:\/\/www.vezzdesign.it\/#organization\",\"name\":\"Vezzoni\",\"url\":\"https:\/\/www.vezzdesign.it\/\",\"logo\":{\"@type\":\"ImageObject\",\"inLanguage\":\"en-US\",\"@id\":\"https:\/\/www.vezzdesign.it\/#\/schema\/logo\/image\/\",\"url\":\"https:\/\/www.vezzdesign.it\/wp-content\/uploads\/2026\/04\/logo-bianco-1.png\",\"contentUrl\":\"https:\/\/www.vezzdesign.it\/wp-content\/uploads\/2026\/04\/logo-bianco-1.png\",\"width\":366,\"height\":81,\"caption\":\"Vezzoni\"},\"image\":{\"@id\":\"https:\/\/www.vezzdesign.it\/#\/schema\/logo\/image\/\"}}]}<\/script>\n<!-- \/ Yoast SEO plugin. -->","yoast_head_json":{"title":"Cookie Policy - Vezzoni","robots":{"index":"index","follow":"follow","max-snippet":"max-snippet:-1","max-image-preview":"max-image-preview:large","max-video-preview":"max-video-preview:-1"},"canonical":"https:\/\/www.vezzdesign.it\/terms\/","og_locale":"en_US","og_type":"article","og_title":"Cookie Policy - Vezzoni","og_description":"This policy provides users of this website (hereinafter &#8220;Website&#8220;) with the information required by art. 13 of Reg. (EU) n. 2016\/679 (hereinafter &#8220;GDPR&#8220;), accordingly with art. 122 of Legislative Decree 196\/2003 (hereinafter &#8220;Privacy Code&#8220;) and Decision of Italian supervisory authority of 8 May 2014, &#8220;Simplified Arrangements to provide Information and obtain Consent Regarding Cookies&#8220;, as [&hellip;]","og_url":"https:\/\/www.vezzdesign.it\/terms\/","og_site_name":"Vezzoni","article_modified_time":"2025-07-07T08:47:16+00:00","twitter_card":"summary_large_image","twitter_misc":{"Est. reading time":"9 minutes"},"schema":{"@context":"https:\/\/schema.org","@graph":[{"@type":"WebPage","@id":"https:\/\/www.vezzdesign.it\/terms\/","url":"https:\/\/www.vezzdesign.it\/terms\/","name":"Cookie Policy - Vezzoni","isPartOf":{"@id":"https:\/\/www.vezzdesign.it\/#website"},"datePublished":"2023-07-25T04:31:25+00:00","dateModified":"2025-07-07T08:47:16+00:00","breadcrumb":{"@id":"https:\/\/www.vezzdesign.it\/terms\/#breadcrumb"},"inLanguage":"en-US","potentialAction":[{"@type":"ReadAction","target":["https:\/\/www.vezzdesign.it\/terms\/"]}]},{"@type":"BreadcrumbList","@id":"https:\/\/www.vezzdesign.it\/terms\/#breadcrumb","itemListElement":[{"@type":"ListItem","position":1,"name":"Home","item":"https:\/\/www.vezzdesign.it\/en\/home\/"},{"@type":"ListItem","position":2,"name":"Cookie Policy"}]},{"@type":"WebSite","@id":"https:\/\/www.vezzdesign.it\/#website","url":"https:\/\/www.vezzdesign.it\/","name":"Vezzoni","description":"Italian Steel Furniture","publisher":{"@id":"https:\/\/www.vezzdesign.it\/#organization"},"potentialAction":[{"@type":"SearchAction","target":{"@type":"EntryPoint","urlTemplate":"https:\/\/www.vezzdesign.it\/?s={search_term_string}"},"query-input":{"@type":"PropertyValueSpecification","valueRequired":true,"valueName":"search_term_string"}}],"inLanguage":"en-US"},{"@type":"Organization","@id":"https:\/\/www.vezzdesign.it\/#organization","name":"Vezzoni","url":"https:\/\/www.vezzdesign.it\/","logo":{"@type":"ImageObject","inLanguage":"en-US","@id":"https:\/\/www.vezzdesign.it\/#\/schema\/logo\/image\/","url":"https:\/\/www.vezzdesign.it\/wp-content\/uploads\/2026\/04\/logo-bianco-1.png","contentUrl":"https:\/\/www.vezzdesign.it\/wp-content\/uploads\/2026\/04\/logo-bianco-1.png","width":366,"height":81,"caption":"Vezzoni"},"image":{"@id":"https:\/\/www.vezzdesign.it\/#\/schema\/logo\/image\/"}}]}},"_links":{"self":[{"href":"https:\/\/www.vezzdesign.it\/en\/wp-json\/wp\/v2\/pages\/22856","targetHints":{"allow":["GET"]}}],"collection":[{"href":"https:\/\/www.vezzdesign.it\/en\/wp-json\/wp\/v2\/pages"}],"about":[{"href":"https:\/\/www.vezzdesign.it\/en\/wp-json\/wp\/v2\/types\/page"}],"author":[{"embeddable":true,"href":"https:\/\/www.vezzdesign.it\/en\/wp-json\/wp\/v2\/users\/1"}],"replies":[{"embeddable":true,"href":"https:\/\/www.vezzdesign.it\/en\/wp-json\/wp\/v2\/comments?post=22856"}],"version-history":[{"count":10,"href":"https:\/\/www.vezzdesign.it\/en\/wp-json\/wp\/v2\/pages\/22856\/revisions"}],"predecessor-version":[{"id":23942,"href":"https:\/\/www.vezzdesign.it\/en\/wp-json\/wp\/v2\/pages\/22856\/revisions\/23942"}],"wp:attachment":[{"href":"https:\/\/www.vezzdesign.it\/en\/wp-json\/wp\/v2\/media?parent=22856"}],"curies":[{"name":"wp","href":"https:\/\/api.w.org\/{rel}","templated":true}]}}